{"id":66,"date":"2014-03-20T23:09:47","date_gmt":"2014-03-20T21:09:47","guid":{"rendered":"http:\/\/dulsky.at\/?page_id=66"},"modified":"2023-12-09T19:57:45","modified_gmt":"2023-12-09T17:57:45","slug":"ueber-mich","status":"publish","type":"page","link":"http:\/\/dulsky.at\/?page_id=66","title":{"rendered":"\u00dcber mich"},"content":{"rendered":"<div class=\"twoclick_social_bookmarks_post_66 social_share_privacy clearfix 1.6.4 locale-de_DE sprite-de_DE\"><\/div><div class=\"twoclick-js\"><script type=\"text\/javascript\">\/* <![CDATA[ *\/\njQuery(document).ready(function($){if($('.twoclick_social_bookmarks_post_66')){$('.twoclick_social_bookmarks_post_66').socialSharePrivacy({\"services\":{\"facebook\":{\"status\":\"on\",\"txt_info\":\"2 Klicks f\\u00fcr mehr Datenschutz: Erst wenn Sie hier klicken, wird der Button aktiv und Sie k\\u00f6nnen Ihre Empfehlung an Facebook senden. Schon beim Aktivieren werden Daten an Dritte \\u00fcbertragen - siehe <em>i<\\\/em>.\",\"perma_option\":\"off\",\"action\":\"like\",\"language\":\"de_DE\"},\"twitter\":{\"reply_to\":\"\",\"tweet_text\":\"%C3%9Cber%20mich%20%C2%BB%20J%C3%B6rg%20Dulsky\",\"status\":\"on\",\"txt_info\":\"2 Klicks f\\u00fcr mehr Datenschutz: Erst wenn Sie hier klicken, wird der Button aktiv und Sie k\\u00f6nnen Ihre Empfehlung an Twitter senden. Schon beim Aktivieren werden Daten an Dritte \\u00fcbertragen - siehe <em>i<\\\/em>.\",\"perma_option\":\"off\",\"language\":\"de\",\"referrer_track\":\"\"},\"gplus\":{\"status\":\"on\",\"txt_info\":\"2 Klicks f\\u00fcr mehr Datenschutz: Erst wenn Sie hier klicken, wird der Button aktiv und Sie k\\u00f6nnen Ihre Empfehlung an Google+ senden. Schon beim Aktivieren werden Daten an Dritte \\u00fcbertragen - siehe <em>i<\\\/em>.\",\"perma_option\":\"off\",\"referrer_track\":\"\"}},\"txt_help\":\"Wenn Sie diese Felder durch einen Klick aktivieren, werden Informationen an Facebook, Twitter, Flattr, Xing, t3n, LinkedIn, Pinterest oder Google eventuell ins Ausland \\u00fcbertragen und unter Umst\\u00e4nden auch dort gespeichert. N\\u00e4heres erfahren Sie durch einen Klick auf das <em>i<\\\/em>.\",\"settings_perma\":\"Dauerhaft aktivieren und Daten\\u00fcber-tragung zustimmen:\",\"info_link\":\"http:\\\/\\\/www.heise.de\\\/ct\\\/artikel\\\/2-Klicks-fuer-mehr-Datenschutz-1333879.html\",\"uri\":\"http:\\\/\\\/dulsky.at\\\/?page_id=66\",\"post_id\":66,\"post_title_referrer_track\":\"%C3%9Cber+mich\",\"display_infobox\":\"on\"});}});\n\/* ]]> *\/<\/script><\/div><h2>&#8230;.. Wandern<\/h2>\n<p>ist meine Leidenschaft. Besonders gerne wandere ich weit. Ich habe schon viele Weitwanderwege in unserer Heimat beschritten bin schon durch die Dolomiten gewandert , bin in Kalifornien am PCT (pazific crest trail) gewandert und in Nepal am Himalaya. Wandern ist f\u00fcr mich kein Leistungssport, wandern ist meditativ. Die Pilger sagen: \u201eWandern ist beten mit den F\u00fc\u00dfen\u201c Mein Motto lautet: \u201eWandern ist eine Kur f\u00fcr Geist und K\u00f6rper\u201c<\/p>\n<p><img loading=\"lazy\" decoding=\"async\" class=\"aligncenter size-full wp-image-239\" src=\"http:\/\/dulsky.at\/wp-content\/uploads\/2014\/04\/PortraitDulsky3_small.jpg\" alt=\"PortraitDulsky3_small\" width=\"660\" height=\"440\" srcset=\"http:\/\/dulsky.at\/wp-content\/uploads\/2014\/04\/PortraitDulsky3_small.jpg 660w, http:\/\/dulsky.at\/wp-content\/uploads\/2014\/04\/PortraitDulsky3_small-300x200.jpg 300w\" sizes=\"(max-width: 660px) 100vw, 660px\" \/><\/p>\n<p>2013 hatte ich endlich mehr als 4 Wochen Zeit f\u00fcr meine Leidenschaft und machte mich im Ende April auf den Weg, von meiner Heimat Frohnleiten Mur der Alpens\u00fcdseite folgend bis nach Nizza ans ligurische Meer. Dreieinhalb Monate mit allen H\u00f6hen und Tiefen. Der Entschleunigung entgegen suchte ich mir meinen eigenen Weg zu mir. Sch\u00f6ne und spannende Bilder und Geschichten erwarten Sie bei meinem Vortrag &#8222;Mur-Meer, meine Reise \u00fcber die Alpen&#8220; der mich durch 18 Orte in der Steiermark und K\u00e4rnten f\u00fchrte.<\/p>\n<p>2014 gings nach Costa Rica,&nbsp;ein Naturjuwel welches mit vielf\u00e4ltiger Flora und Fauna beeindruckt. Politisch beeindruckt Costa Rica mit der Tatsache, dass in der Mitte des 20 Jahrhunderts das Milit\u00e4r abgeschafft wurde, in einer Zeit wo im restlichen Zentralamerika das Milit\u00e4r oft gro\u00dfe Macht aus\u00fcbte.<\/p>\n<p>2016 ging es &#8222;von der Mur bis zum Alpbach, von mir zu Dir &#8211; eine Tirolerin und Steirer gemeinsam auf dem Weg&#8220;<\/p>\n<h3>30 Tage \u2013 550 km \u2013 22.000 H\u00f6henmeter<\/h3>\n<p>Von den Wurzeln des Einen zu den Wurzeln des Anderen gehen.<br \/>\nUns zu verbinden, uns zu erleben, in den H\u00f6hen der Gipfel unsere Beziehung zu vertiefen und in den Tiefen der T\u00e4ler die Festigkeit erh\u00f6hen.<br \/>\nWir teilen die Leidenschaft des Weitwanderns, der frischen Luft und der Stille und wanderten \u00fcber den Zentralalpenweg 02, den K\u00f6nigsweg der \u00f6sterreichischen Weitwanderwege.<br \/>\nInsgesamt f\u00fchrt er in 64 Etappen den Alpenhauptkamm entlang, von Hainburg an der Donau bis nach Feldkirch in Vorarlberg.<\/p>\n<figure id=\"attachment_2164\" aria-describedby=\"caption-attachment-2164\" style=\"width: 1600px\" class=\"wp-caption aligncenter\"><a href=\"http:\/\/dulsky.at\/wp-content\/uploads\/2016\/08\/wp-1470755123535.jpg\"><img loading=\"lazy\" decoding=\"async\" class=\"wp-image-2164 size-full\" src=\"http:\/\/dulsky.at\/wp-content\/uploads\/2016\/08\/wp-1470755123535.jpg\" alt=\"Eva &amp; J\u00f6rg\" width=\"1600\" height=\"1200\" srcset=\"http:\/\/dulsky.at\/wp-content\/uploads\/2016\/08\/wp-1470755123535.jpg 1600w, http:\/\/dulsky.at\/wp-content\/uploads\/2016\/08\/wp-1470755123535-300x225.jpg 300w, http:\/\/dulsky.at\/wp-content\/uploads\/2016\/08\/wp-1470755123535-768x576.jpg 768w, http:\/\/dulsky.at\/wp-content\/uploads\/2016\/08\/wp-1470755123535-1024x768.jpg 1024w\" sizes=\"(max-width: 1600px) 100vw, 1600px\" \/><\/a><figcaption id=\"caption-attachment-2164\" class=\"wp-caption-text\">Ankunft in Brixlegg in Tirol<\/figcaption><\/figure>\n<p>Immer mit dabei meine Spiegelreflexkamera und den Blick f\u00fcrs Detail und die Sch\u00f6nheit der Welt. Auch in meinem Rucksack, ein Tagebuch zum Niederschreiben meiner Eindr\u00fccke<\/p>\n<p>\u2026\u2026und dies gilt nat\u00fcrlich auch f\u00fcr meine Reisen ohne Wanderschuhe.<\/p>\n","protected":false},"excerpt":{"rendered":"<p>&#8230;.. Wandern ist meine Leidenschaft. Besonders gerne wandere ich weit. Ich habe schon viele Weitwanderwege in unserer Heimat beschritten bin schon durch die Dolomiten gewandert , bin in Kalifornien am PCT (pazific crest trail) gewandert und in Nepal am Himalaya. Wandern ist f\u00fcr mich kein Leistungssport, wandern ist meditativ. Die Pilger sagen: \u201eWandern ist beten &hellip; <a href=\"http:\/\/dulsky.at\/?page_id=66\" class=\"more-link\"><span class=\"screen-reader-text\">\u00dcber mich<\/span> weiterlesen <span class=\"meta-nav\">&rarr;<\/span><\/a><\/p>\n","protected":false},"author":1,"featured_media":0,"parent":0,"menu_order":0,"comment_status":"closed","ping_status":"closed","template":"","meta":{"ngg_post_thumbnail":0,"jetpack_post_was_ever_published":false,"footnotes":""},"jetpack_sharing_enabled":true,"jetpack_shortlink":"https:\/\/wp.me\/Pa3HDL-14","_links":{"self":[{"href":"http:\/\/dulsky.at\/index.php?rest_route=\/wp\/v2\/pages\/66"}],"collection":[{"href":"http:\/\/dulsky.at\/index.php?rest_route=\/wp\/v2\/pages"}],"about":[{"href":"http:\/\/dulsky.at\/index.php?rest_route=\/wp\/v2\/types\/page"}],"author":[{"embeddable":true,"href":"http:\/\/dulsky.at\/index.php?rest_route=\/wp\/v2\/users\/1"}],"replies":[{"embeddable":true,"href":"http:\/\/dulsky.at\/index.php?rest_route=%2Fwp%2Fv2%2Fcomments&post=66"}],"version-history":[{"count":22,"href":"http:\/\/dulsky.at\/index.php?rest_route=\/wp\/v2\/pages\/66\/revisions"}],"predecessor-version":[{"id":2776,"href":"http:\/\/dulsky.at\/index.php?rest_route=\/wp\/v2\/pages\/66\/revisions\/2776"}],"wp:attachment":[{"href":"http:\/\/dulsky.at\/index.php?rest_route=%2Fwp%2Fv2%2Fmedia&parent=66"}],"curies":[{"name":"wp","href":"https:\/\/api.w.org\/{rel}","templated":true}]}}