{"id":192,"date":"2014-03-29T15:23:43","date_gmt":"2014-03-29T13:23:43","guid":{"rendered":"http:\/\/dulsky.at\/?page_id=192"},"modified":"2020-08-04T09:34:33","modified_gmt":"2020-08-04T07:34:33","slug":"mur-meer-meine-reise-ueber-die-alpen-2","status":"publish","type":"page","link":"http:\/\/dulsky.at\/?page_id=192","title":{"rendered":"&#8222;von der Mur bis zum ligurischen Meer&#8220;, meine Reise \u00fcber die Alpen"},"content":{"rendered":"<div class=\"twoclick_social_bookmarks_post_192 social_share_privacy clearfix 1.6.4 locale-de_DE sprite-de_DE\"><\/div><div class=\"twoclick-js\"><script type=\"text\/javascript\">\/* <![CDATA[ *\/\njQuery(document).ready(function($){if($('.twoclick_social_bookmarks_post_192')){$('.twoclick_social_bookmarks_post_192').socialSharePrivacy({\"services\":{\"facebook\":{\"status\":\"on\",\"txt_info\":\"2 Klicks f\\u00fcr mehr Datenschutz: Erst wenn Sie hier klicken, wird der Button aktiv und Sie k\\u00f6nnen Ihre Empfehlung an Facebook senden. Schon beim Aktivieren werden Daten an Dritte \\u00fcbertragen - siehe <em>i<\\\/em>.\",\"perma_option\":\"off\",\"action\":\"like\",\"language\":\"de_DE\"},\"twitter\":{\"reply_to\":\"\",\"tweet_text\":\"%20%E2%80%9Evon%20der%20Mur%20bis%20zum%20ligurischen%20Meer%E2%80%9C%2C%20meine%20Reise%20%C3%BCber%20die%20...\",\"status\":\"on\",\"txt_info\":\"2 Klicks f\\u00fcr mehr Datenschutz: Erst wenn Sie hier klicken, wird der Button aktiv und Sie k\\u00f6nnen Ihre Empfehlung an Twitter senden. Schon beim Aktivieren werden Daten an Dritte \\u00fcbertragen - siehe <em>i<\\\/em>.\",\"perma_option\":\"off\",\"language\":\"de\",\"referrer_track\":\"\"},\"gplus\":{\"status\":\"on\",\"txt_info\":\"2 Klicks f\\u00fcr mehr Datenschutz: Erst wenn Sie hier klicken, wird der Button aktiv und Sie k\\u00f6nnen Ihre Empfehlung an Google+ senden. Schon beim Aktivieren werden Daten an Dritte \\u00fcbertragen - siehe <em>i<\\\/em>.\",\"perma_option\":\"off\",\"referrer_track\":\"\"}},\"txt_help\":\"Wenn Sie diese Felder durch einen Klick aktivieren, werden Informationen an Facebook, Twitter, Flattr, Xing, t3n, LinkedIn, Pinterest oder Google eventuell ins Ausland \\u00fcbertragen und unter Umst\\u00e4nden auch dort gespeichert. N\\u00e4heres erfahren Sie durch einen Klick auf das <em>i<\\\/em>.\",\"settings_perma\":\"Dauerhaft aktivieren und Daten\\u00fcber-tragung zustimmen:\",\"info_link\":\"http:\\\/\\\/www.heise.de\\\/ct\\\/artikel\\\/2-Klicks-fuer-mehr-Datenschutz-1333879.html\",\"uri\":\"http:\\\/\\\/dulsky.at\\\/?page_id=192\",\"post_id\":192,\"post_title_referrer_track\":\"%26%238222%3Bvon+der+Mur+bis+zum+ligurischen+Meer%26%238220%3B%2C+meine+Reise+%C3%BCber+die+Alpen\",\"display_infobox\":\"on\"});}});\n\/* ]]> *\/<\/script><\/div><h2>Vortrag: &#8222;Mur-Meer, meine Reise \u00fcber die Alpen.&#8220;<\/h2>\n<h3>100 Tage, 1.300 km, 55 P\u00e4sse, 55.000 H\u00f6henmeter.<\/h3>\n<p>Am 29. April 2013 machte ich mich auf, zu Fu\u00df den Alpenbogen folgend ans Meer zu wandern. Ein faszinierender Weg von Frohnleiten an der Mur nach Nizza an der Cote d`Azur.<br \/>\nUm die Welt wieder zu entschleunigen, um den Blick fu\u0308r das Wesentliche im Leben wiederzufinden, um Altes hinter mir zu lassen, stieg ich auf, mit zu schwerem Rucksack und zu j\u00e4gerischem Hund, Richtung Nordwesten zur Gmoaalm&#8230;<\/p>\n<p>ich erz\u00e4hle Ihnen die Geschichte meines Weges mit eindrucksvollen Bildern auf gro\u00dfer Leinwand<\/p>\n<figure id=\"attachment_285\" aria-describedby=\"caption-attachment-285\" style=\"width: 660px\" class=\"wp-caption aligncenter\"><a href=\"http:\/\/dulsky.at\/wp-content\/uploads\/2014\/04\/9_MM_Blick_in_die_Seealpen_small.jpg\"><img loading=\"lazy\" decoding=\"async\" class=\"wp-image-285 size-full\" src=\"http:\/\/dulsky.at\/wp-content\/uploads\/2014\/04\/9_MM_Blick_in_die_Seealpen_small.jpg\" alt=\"9_MM_Blick_in_die_Seealpen_small\" width=\"660\" height=\"440\" srcset=\"http:\/\/dulsky.at\/wp-content\/uploads\/2014\/04\/9_MM_Blick_in_die_Seealpen_small.jpg 660w, http:\/\/dulsky.at\/wp-content\/uploads\/2014\/04\/9_MM_Blick_in_die_Seealpen_small-300x200.jpg 300w\" sizes=\"(max-width: 660px) 100vw, 660px\" \/><\/a><figcaption id=\"caption-attachment-285\" class=\"wp-caption-text\">Blick in die Seealpen (Frankreich)<\/figcaption><\/figure>\n<figure id=\"attachment_294\" aria-describedby=\"caption-attachment-294\" style=\"width: 660px\" class=\"wp-caption aligncenter\"><a href=\"http:\/\/dulsky.at\/wp-content\/uploads\/2014\/04\/MM_Schlechtwetter_small.jpg\"><img loading=\"lazy\" decoding=\"async\" class=\"wp-image-294 size-full\" src=\"http:\/\/dulsky.at\/wp-content\/uploads\/2014\/04\/MM_Schlechtwetter_small.jpg\" alt=\"MM_Schlechtwetter_small\" width=\"660\" height=\"493\" srcset=\"http:\/\/dulsky.at\/wp-content\/uploads\/2014\/04\/MM_Schlechtwetter_small.jpg 660w, http:\/\/dulsky.at\/wp-content\/uploads\/2014\/04\/MM_Schlechtwetter_small-300x224.jpg 300w\" sizes=\"(max-width: 660px) 100vw, 660px\" \/><\/a><figcaption id=\"caption-attachment-294\" class=\"wp-caption-text\">Wo gehts da nach Nizza ?&nbsp; acht L\u00e4nder, ein Gebirge<\/figcaption><\/figure>\n<figure id=\"attachment_278\" aria-describedby=\"caption-attachment-278\" style=\"width: 550px\" class=\"wp-caption aligncenter\"><a href=\"http:\/\/dulsky.at\/wp-content\/uploads\/2014\/04\/8_MM_ins_Land_einischauen_small.jpg\"><img loading=\"lazy\" decoding=\"async\" class=\"wp-image-278 size-full\" src=\"http:\/\/dulsky.at\/wp-content\/uploads\/2014\/04\/8_MM_ins_Land_einischauen_small.jpg\" alt=\"8_MM_ins_Land_einischauen_small\" width=\"550\" height=\"367\" srcset=\"http:\/\/dulsky.at\/wp-content\/uploads\/2014\/04\/8_MM_ins_Land_einischauen_small.jpg 550w, http:\/\/dulsky.at\/wp-content\/uploads\/2014\/04\/8_MM_ins_Land_einischauen_small-300x200.jpg 300w\" sizes=\"(max-width: 550px) 100vw, 550px\" \/><\/a><figcaption id=\"caption-attachment-278\" class=\"wp-caption-text\">ins Land einischauen&#8230;.Richtung Maira-Tal im Piemont Italien<\/figcaption><\/figure>\n<p>&nbsp;<\/p>\n<figure id=\"attachment_291\" aria-describedby=\"caption-attachment-291\" style=\"width: 660px\" class=\"wp-caption aligncenter\"><a href=\"http:\/\/dulsky.at\/wp-content\/uploads\/2014\/04\/mm_col_dell_Albergian_biwak_small.jpg\"><img loading=\"lazy\" decoding=\"async\" class=\"wp-image-291 size-full\" src=\"http:\/\/dulsky.at\/wp-content\/uploads\/2014\/04\/mm_col_dell_Albergian_biwak_small.jpg\" alt=\"mm_col_dell_Albergian_biwak_small\" width=\"660\" height=\"440\" srcset=\"http:\/\/dulsky.at\/wp-content\/uploads\/2014\/04\/mm_col_dell_Albergian_biwak_small.jpg 660w, http:\/\/dulsky.at\/wp-content\/uploads\/2014\/04\/mm_col_dell_Albergian_biwak_small-300x200.jpg 300w\" sizes=\"(max-width: 660px) 100vw, 660px\" \/><\/a><figcaption id=\"caption-attachment-291\" class=\"wp-caption-text\">&#8230;und st\u00e4rken&#8230;..Biwak auf 2800 Meter Piemont Italien<\/figcaption><\/figure>\n<figure id=\"attachment_292\" aria-describedby=\"caption-attachment-292\" style=\"width: 660px\" class=\"wp-caption aligncenter\"><a href=\"http:\/\/dulsky.at\/wp-content\/uploads\/2014\/04\/MM_passo_della_gardetta_small.jpg\"><img loading=\"lazy\" decoding=\"async\" class=\"wp-image-292 size-full\" src=\"http:\/\/dulsky.at\/wp-content\/uploads\/2014\/04\/MM_passo_della_gardetta_small.jpg\" alt=\"MM_passo_della_gardetta_small\" width=\"660\" height=\"440\" srcset=\"http:\/\/dulsky.at\/wp-content\/uploads\/2014\/04\/MM_passo_della_gardetta_small.jpg 660w, http:\/\/dulsky.at\/wp-content\/uploads\/2014\/04\/MM_passo_della_gardetta_small-300x200.jpg 300w\" sizes=\"(max-width: 660px) 100vw, 660px\" \/><\/a><figcaption id=\"caption-attachment-292\" class=\"wp-caption-text\">&#8230; ist gleich wichtig wie orientieren. Papier ist schwer aber unentbehrlich!<\/figcaption><\/figure>\n<figure id=\"attachment_275\" aria-describedby=\"caption-attachment-275\" style=\"width: 660px\" class=\"wp-caption aligncenter\"><a href=\"http:\/\/dulsky.at\/wp-content\/uploads\/2014\/04\/MM_dolomiten_Latzfons_small.jpg\"><img loading=\"lazy\" decoding=\"async\" class=\"size-full wp-image-275\" src=\"http:\/\/dulsky.at\/wp-content\/uploads\/2014\/04\/MM_dolomiten_Latzfons_small.jpg\" alt=\"Wahlfahrtskirche Latzfons in S\u00fcdtirol\" width=\"660\" height=\"439\" srcset=\"http:\/\/dulsky.at\/wp-content\/uploads\/2014\/04\/MM_dolomiten_Latzfons_small.jpg 660w, http:\/\/dulsky.at\/wp-content\/uploads\/2014\/04\/MM_dolomiten_Latzfons_small-300x199.jpg 300w\" sizes=\"(max-width: 660px) 100vw, 660px\" \/><\/a><figcaption id=\"caption-attachment-275\" class=\"wp-caption-text\">Wahlfahrtskirche Latzfons in S\u00fcdtirol<\/figcaption><\/figure>\n<figure id=\"attachment_271\" aria-describedby=\"caption-attachment-271\" style=\"width: 660px\" class=\"wp-caption aligncenter\"><a href=\"http:\/\/dulsky.at\/wp-content\/uploads\/2014\/04\/MM_Strand_Nizza_small.jpg\"><img loading=\"lazy\" decoding=\"async\" class=\"size-full wp-image-271\" src=\"http:\/\/dulsky.at\/wp-content\/uploads\/2014\/04\/MM_Strand_Nizza_small.jpg\" alt=\"Champagnertrinken an der Florida Beach in Nizza :)\" width=\"660\" height=\"440\" srcset=\"http:\/\/dulsky.at\/wp-content\/uploads\/2014\/04\/MM_Strand_Nizza_small.jpg 660w, http:\/\/dulsky.at\/wp-content\/uploads\/2014\/04\/MM_Strand_Nizza_small-300x200.jpg 300w\" sizes=\"(max-width: 660px) 100vw, 660px\" \/><\/a><figcaption id=\"caption-attachment-271\" class=\"wp-caption-text\">Champagnertrinken an der Florida Beach in Nizza :-)<\/figcaption><\/figure>\n<p>zum blog <a title=\"Mur-Meer\" href=\"http:\/\/mur-meer.dulsky.at\">mur-meer.dulsky.at<\/a><\/p>\n","protected":false},"excerpt":{"rendered":"<p>Vortrag: &#8222;Mur-Meer, meine Reise \u00fcber die Alpen.&#8220; 100 Tage, 1.300 km, 55 P\u00e4sse, 55.000 H\u00f6henmeter. Am 29. April 2013 machte ich mich auf, zu Fu\u00df den Alpenbogen folgend ans Meer zu wandern. Ein faszinierender Weg von Frohnleiten an der Mur nach Nizza an der Cote d`Azur. Um die Welt wieder zu entschleunigen, um den Blick &hellip; <a href=\"http:\/\/dulsky.at\/?page_id=192\" class=\"more-link\"><span class=\"screen-reader-text\">&#8222;von der Mur bis zum ligurischen Meer&#8220;, meine Reise \u00fcber die Alpen<\/span> weiterlesen <span class=\"meta-nav\">&rarr;<\/span><\/a><\/p>\n","protected":false},"author":1,"featured_media":0,"parent":148,"menu_order":2,"comment_status":"closed","ping_status":"closed","template":"","meta":{"ngg_post_thumbnail":0,"jetpack_post_was_ever_published":false,"footnotes":""},"jetpack_sharing_enabled":true,"jetpack_shortlink":"https:\/\/wp.me\/Pa3HDL-36","_links":{"self":[{"href":"http:\/\/dulsky.at\/index.php?rest_route=\/wp\/v2\/pages\/192"}],"collection":[{"href":"http:\/\/dulsky.at\/index.php?rest_route=\/wp\/v2\/pages"}],"about":[{"href":"http:\/\/dulsky.at\/index.php?rest_route=\/wp\/v2\/types\/page"}],"author":[{"embeddable":true,"href":"http:\/\/dulsky.at\/index.php?rest_route=\/wp\/v2\/users\/1"}],"replies":[{"embeddable":true,"href":"http:\/\/dulsky.at\/index.php?rest_route=%2Fwp%2Fv2%2Fcomments&post=192"}],"version-history":[{"count":14,"href":"http:\/\/dulsky.at\/index.php?rest_route=\/wp\/v2\/pages\/192\/revisions"}],"predecessor-version":[{"id":2749,"href":"http:\/\/dulsky.at\/index.php?rest_route=\/wp\/v2\/pages\/192\/revisions\/2749"}],"up":[{"embeddable":true,"href":"http:\/\/dulsky.at\/index.php?rest_route=\/wp\/v2\/pages\/148"}],"wp:attachment":[{"href":"http:\/\/dulsky.at\/index.php?rest_route=%2Fwp%2Fv2%2Fmedia&parent=192"}],"curies":[{"name":"wp","href":"https:\/\/api.w.org\/{rel}","templated":true}]}}