{"id":129,"date":"2014-03-28T19:13:58","date_gmt":"2014-03-28T17:13:58","guid":{"rendered":"http:\/\/dulsky.at\/?page_id=129"},"modified":"2015-08-25T13:06:49","modified_gmt":"2015-08-25T11:06:49","slug":"nepal","status":"publish","type":"page","link":"http:\/\/dulsky.at\/?page_id=129","title":{"rendered":"Nepal, Sagarmatha National Park"},"content":{"rendered":"<div class=\"twoclick_social_bookmarks_post_129 social_share_privacy clearfix 1.6.4 locale-de_DE sprite-de_DE\"><\/div><div class=\"twoclick-js\"><script type=\"text\/javascript\">\/* <![CDATA[ *\/\njQuery(document).ready(function($){if($('.twoclick_social_bookmarks_post_129')){$('.twoclick_social_bookmarks_post_129').socialSharePrivacy({\"services\":{\"facebook\":{\"status\":\"on\",\"txt_info\":\"2 Klicks f\\u00fcr mehr Datenschutz: Erst wenn Sie hier klicken, wird der Button aktiv und Sie k\\u00f6nnen Ihre Empfehlung an Facebook senden. Schon beim Aktivieren werden Daten an Dritte \\u00fcbertragen - siehe <em>i<\\\/em>.\",\"perma_option\":\"off\",\"action\":\"like\",\"language\":\"de_DE\"},\"twitter\":{\"reply_to\":\"\",\"tweet_text\":\"Nepal%2C%20Sagarmatha%20National%20Park%20%C2%BB%20J%C3%B6rg%20Dulsky\",\"status\":\"on\",\"txt_info\":\"2 Klicks f\\u00fcr mehr Datenschutz: Erst wenn Sie hier klicken, wird der Button aktiv und Sie k\\u00f6nnen Ihre Empfehlung an Twitter senden. Schon beim Aktivieren werden Daten an Dritte \\u00fcbertragen - siehe <em>i<\\\/em>.\",\"perma_option\":\"off\",\"language\":\"de\",\"referrer_track\":\"\"},\"gplus\":{\"status\":\"on\",\"txt_info\":\"2 Klicks f\\u00fcr mehr Datenschutz: Erst wenn Sie hier klicken, wird der Button aktiv und Sie k\\u00f6nnen Ihre Empfehlung an Google+ senden. Schon beim Aktivieren werden Daten an Dritte \\u00fcbertragen - siehe <em>i<\\\/em>.\",\"perma_option\":\"off\",\"referrer_track\":\"\"}},\"txt_help\":\"Wenn Sie diese Felder durch einen Klick aktivieren, werden Informationen an Facebook, Twitter, Flattr, Xing, t3n, LinkedIn, Pinterest oder Google eventuell ins Ausland \\u00fcbertragen und unter Umst\\u00e4nden auch dort gespeichert. N\\u00e4heres erfahren Sie durch einen Klick auf das <em>i<\\\/em>.\",\"settings_perma\":\"Dauerhaft aktivieren und Daten\\u00fcber-tragung zustimmen:\",\"info_link\":\"http:\\\/\\\/www.heise.de\\\/ct\\\/artikel\\\/2-Klicks-fuer-mehr-Datenschutz-1333879.html\",\"uri\":\"http:\\\/\\\/dulsky.at\\\/?page_id=129\",\"post_id\":129,\"post_title_referrer_track\":\"Nepal%2C+Sagarmatha+National+Park\",\"display_infobox\":\"on\"});}});\n\/* ]]> *\/<\/script><\/div><h2>Vortrag &#8222;Nepal, Sagarmatha Nationalpark&#8220;<\/h2>\n<p>Unterwegs im Sagarmatha Nationalpark in der Khumbu Region in Nepal. Umgeben von drei Achttausendern und unz\u00e4hligen imposanten Gipfeln. Jeder Tag ist aufregend und spannend im Herzen des Himalayas. Die Sherpahauptstadt &#8222;Namche Bazar&#8220; w\u00e4chst zwar schnell hat aber noch immer seinen Charme erhalten, im Gegensatz zur nepalesischen Hauptstadt Kathmandu.<\/p>\n<figure id=\"attachment_217\" aria-describedby=\"caption-attachment-217\" style=\"width: 550px\" class=\"wp-caption aligncenter\"><a href=\"http:\/\/dulsky.at\/wp-content\/uploads\/2014\/04\/Nepal_103_22_namche_von_oben_small.jpg\"><img loading=\"lazy\" decoding=\"async\" class=\"wp-image-217 size-full\" src=\"http:\/\/dulsky.at\/wp-content\/uploads\/2014\/04\/Nepal_103_22_namche_von_oben_small.jpg\" alt=\"Nepal_103_22_namche_von_oben_small\" width=\"550\" height=\"366\" \/><\/a><figcaption id=\"caption-attachment-217\" class=\"wp-caption-text\">von Namche aus geht es weiter \u00fcber den Renjo La pass\u00a0 nach Gokyo. Dickes Kopfweh mit \u00dcbelkeit hei\u00dft H\u00f6henkrankheit :(<\/figcaption><\/figure>\n<figure id=\"attachment_249\" aria-describedby=\"caption-attachment-249\" style=\"width: 660px\" class=\"wp-caption aligncenter\"><a href=\"http:\/\/dulsky.at\/wp-content\/uploads\/2014\/04\/Nepal_107_29_yak_mit_gokyolake_small.jpg\"><img loading=\"lazy\" decoding=\"async\" class=\"wp-image-249 size-full\" src=\"http:\/\/dulsky.at\/wp-content\/uploads\/2014\/04\/Nepal_107_29_yak_mit_gokyolake_small.jpg\" alt=\"Nepal_107_29_yak_mit_gokyolake_small\" width=\"660\" height=\"439\" srcset=\"http:\/\/dulsky.at\/wp-content\/uploads\/2014\/04\/Nepal_107_29_yak_mit_gokyolake_small.jpg 660w, http:\/\/dulsky.at\/wp-content\/uploads\/2014\/04\/Nepal_107_29_yak_mit_gokyolake_small-300x199.jpg 300w\" sizes=\"(max-width: 660px) 100vw, 660px\" \/><\/a><figcaption id=\"caption-attachment-249\" class=\"wp-caption-text\">kurz nach Renjo La Pass, (5500 \u00fc.d. Meer) Yak mit Gokyo lake<\/figcaption><\/figure>\n<figure id=\"attachment_221\" aria-describedby=\"caption-attachment-221\" style=\"width: 660px\" class=\"wp-caption aligncenter\"><a href=\"http:\/\/dulsky.at\/wp-content\/uploads\/2014\/04\/Nepal_107_08_renjo_la_kitsch_small.jpg\"><img loading=\"lazy\" decoding=\"async\" class=\"wp-image-221 size-full\" src=\"http:\/\/dulsky.at\/wp-content\/uploads\/2014\/04\/Nepal_107_08_renjo_la_kitsch_small.jpg\" alt=\"Nepal_107_08_renjo_la_kitsch_small\" width=\"660\" height=\"439\" srcset=\"http:\/\/dulsky.at\/wp-content\/uploads\/2014\/04\/Nepal_107_08_renjo_la_kitsch_small.jpg 660w, http:\/\/dulsky.at\/wp-content\/uploads\/2014\/04\/Nepal_107_08_renjo_la_kitsch_small-300x199.jpg 300w\" sizes=\"(max-width: 660px) 100vw, 660px\" \/><\/a><figcaption id=\"caption-attachment-221\" class=\"wp-caption-text\">M\u00e4rchenstimmung beim Aufstieg zum Renjo La (noch ohne Kopfweh)<\/figcaption><\/figure>\n<figure id=\"attachment_240\" aria-describedby=\"caption-attachment-240\" style=\"width: 660px\" class=\"wp-caption aligncenter\"><a href=\"http:\/\/dulsky.at\/wp-content\/uploads\/2014\/04\/Nepal_104_08_ama_dablam101_small.jpg\"><img loading=\"lazy\" decoding=\"async\" class=\"wp-image-240 size-full\" src=\"http:\/\/dulsky.at\/wp-content\/uploads\/2014\/04\/Nepal_104_08_ama_dablam101_small.jpg\" alt=\"Nepal_104_08_ama_dablam101_small\" width=\"660\" height=\"439\" srcset=\"http:\/\/dulsky.at\/wp-content\/uploads\/2014\/04\/Nepal_104_08_ama_dablam101_small.jpg 660w, http:\/\/dulsky.at\/wp-content\/uploads\/2014\/04\/Nepal_104_08_ama_dablam101_small-300x199.jpg 300w\" sizes=\"(max-width: 660px) 100vw, 660px\" \/><\/a><figcaption id=\"caption-attachment-240\" class=\"wp-caption-text\">die Ama Dablam, der vielleicht sch\u00f6nste Berg der Welt<\/figcaption><\/figure>\n<figure id=\"attachment_231\" aria-describedby=\"caption-attachment-231\" style=\"width: 660px\" class=\"wp-caption aligncenter\"><a href=\"http:\/\/dulsky.at\/wp-content\/uploads\/2014\/04\/Nepal_112_19_durl_und_die_dohle_small.jpg\"><img loading=\"lazy\" decoding=\"async\" class=\"wp-image-231 size-full\" src=\"http:\/\/dulsky.at\/wp-content\/uploads\/2014\/04\/Nepal_112_19_durl_und_die_dohle_small.jpg\" alt=\"Nepal_112_19_durl_und_die_dohle_small\" width=\"660\" height=\"439\" srcset=\"http:\/\/dulsky.at\/wp-content\/uploads\/2014\/04\/Nepal_112_19_durl_und_die_dohle_small.jpg 660w, http:\/\/dulsky.at\/wp-content\/uploads\/2014\/04\/Nepal_112_19_durl_und_die_dohle_small-300x199.jpg 300w\" sizes=\"(max-width: 660px) 100vw, 660px\" \/><\/a><figcaption id=\"caption-attachment-231\" class=\"wp-caption-text\">&#8222;Durl&#8220; mit Dohle am Gipfelgrat am Island Peak , auch genannt der Everest f\u00fcr Arme :-)<\/figcaption><\/figure>\n<figure id=\"attachment_259\" aria-describedby=\"caption-attachment-259\" style=\"width: 660px\" class=\"wp-caption aligncenter\"><a href=\"http:\/\/dulsky.at\/wp-content\/uploads\/2014\/04\/Nepal_Durl_fuer_die_tabakindustrie_small.jpg\"><img loading=\"lazy\" decoding=\"async\" class=\"wp-image-259 size-full\" src=\"http:\/\/dulsky.at\/wp-content\/uploads\/2014\/04\/Nepal_Durl_fuer_die_tabakindustrie_small.jpg\" alt=\"Nepal_Durl_fuer_die_tabakindustrie_small\" width=\"660\" height=\"439\" srcset=\"http:\/\/dulsky.at\/wp-content\/uploads\/2014\/04\/Nepal_Durl_fuer_die_tabakindustrie_small.jpg 660w, http:\/\/dulsky.at\/wp-content\/uploads\/2014\/04\/Nepal_Durl_fuer_die_tabakindustrie_small-300x199.jpg 300w\" sizes=\"(max-width: 660px) 100vw, 660px\" \/><\/a><figcaption id=\"caption-attachment-259\" class=\"wp-caption-text\">als Belohnung a Gipfeltschick auf 6180 meter \u00fcber dem Meer<\/figcaption><\/figure>\n<figure id=\"attachment_267\" aria-describedby=\"caption-attachment-267\" style=\"width: 495px\" class=\"wp-caption aligncenter\"><a href=\"http:\/\/dulsky.at\/wp-content\/uploads\/2014\/04\/Nepal_gipfelblick_small.jpg\"><img loading=\"lazy\" decoding=\"async\" class=\"wp-image-267 size-full\" src=\"http:\/\/dulsky.at\/wp-content\/uploads\/2014\/04\/Nepal_gipfelblick_small.jpg\" alt=\"Nepal_gipfelblick_small\" width=\"495\" height=\"660\" srcset=\"http:\/\/dulsky.at\/wp-content\/uploads\/2014\/04\/Nepal_gipfelblick_small.jpg 495w, http:\/\/dulsky.at\/wp-content\/uploads\/2014\/04\/Nepal_gipfelblick_small-225x300.jpg 225w\" sizes=\"(max-width: 495px) 100vw, 495px\" \/><\/a><figcaption id=\"caption-attachment-267\" class=\"wp-caption-text\">ein Blick in die Tiefe, wir waren f\u00fcr ganze 15 Minuten alleine auf dem Gipfel !! Hurra<\/figcaption><\/figure>\n<figure id=\"attachment_257\" aria-describedby=\"caption-attachment-257\" style=\"width: 660px\" class=\"wp-caption aligncenter\"><a href=\"http:\/\/dulsky.at\/wp-content\/uploads\/2014\/04\/Nepal_abstieg_imja_tse_muede_small.jpg\"><img loading=\"lazy\" decoding=\"async\" class=\"wp-image-257 size-full\" src=\"http:\/\/dulsky.at\/wp-content\/uploads\/2014\/04\/Nepal_abstieg_imja_tse_muede_small.jpg\" alt=\"Nepal_abstieg_imja_tse_muede_small\" width=\"660\" height=\"495\" srcset=\"http:\/\/dulsky.at\/wp-content\/uploads\/2014\/04\/Nepal_abstieg_imja_tse_muede_small.jpg 660w, http:\/\/dulsky.at\/wp-content\/uploads\/2014\/04\/Nepal_abstieg_imja_tse_muede_small-300x225.jpg 300w\" sizes=\"(max-width: 660px) 100vw, 660px\" \/><\/a><figcaption id=\"caption-attachment-257\" class=\"wp-caption-text\">schon leicht schwerf\u00e4llig beim Abstieg , trotzdemenen ging alles gut<\/figcaption><\/figure>\n<figure id=\"attachment_307\" aria-describedby=\"caption-attachment-307\" style=\"width: 660px\" class=\"wp-caption aligncenter\"><a href=\"http:\/\/dulsky.at\/wp-content\/uploads\/2014\/03\/NEPAL_112_36_imja_tse_BC_teetrinken_small.jpg\"><img loading=\"lazy\" decoding=\"async\" class=\"wp-image-307 size-full\" src=\"http:\/\/dulsky.at\/wp-content\/uploads\/2014\/03\/NEPAL_112_36_imja_tse_BC_teetrinken_small.jpg\" alt=\"NEPAL_112_36_imja_tse_BC_teetrinken_small\" width=\"660\" height=\"495\" srcset=\"http:\/\/dulsky.at\/wp-content\/uploads\/2014\/03\/NEPAL_112_36_imja_tse_BC_teetrinken_small.jpg 660w, http:\/\/dulsky.at\/wp-content\/uploads\/2014\/03\/NEPAL_112_36_imja_tse_BC_teetrinken_small-300x225.jpg 300w\" sizes=\"(max-width: 660px) 100vw, 660px\" \/><\/a><figcaption id=\"caption-attachment-307\" class=\"wp-caption-text\">Tee im Basecamp, unfassbar lecker. Die H\u00f6he trocknet aus und ich hatte zu wenig Wasser mit, leider war mir schlecht und ich konnte das k\u00f6stliche von den Sherpas zubereite Essen nicht geniessen<\/figcaption><\/figure>\n<figure id=\"attachment_253\" aria-describedby=\"caption-attachment-253\" style=\"width: 660px\" class=\"wp-caption aligncenter\"><a href=\"http:\/\/dulsky.at\/wp-content\/uploads\/2014\/04\/Nepal_103_24_everest_abendlicht_small.jpg\"><img loading=\"lazy\" decoding=\"async\" class=\"wp-image-253 size-full\" src=\"http:\/\/dulsky.at\/wp-content\/uploads\/2014\/04\/Nepal_103_24_everest_abendlicht_small.jpg\" alt=\"Nepal_103_24_everest_abendlicht_small\" width=\"660\" height=\"495\" srcset=\"http:\/\/dulsky.at\/wp-content\/uploads\/2014\/04\/Nepal_103_24_everest_abendlicht_small.jpg 660w, http:\/\/dulsky.at\/wp-content\/uploads\/2014\/04\/Nepal_103_24_everest_abendlicht_small-300x225.jpg 300w\" sizes=\"(max-width: 660px) 100vw, 660px\" \/><\/a><figcaption id=\"caption-attachment-253\" class=\"wp-caption-text\">Der Everest zum Greifen nah :-)<\/figcaption><\/figure>\n<p>&nbsp;<\/p>\n","protected":false},"excerpt":{"rendered":"<p>Vortrag &#8222;Nepal, Sagarmatha Nationalpark&#8220; Unterwegs im Sagarmatha Nationalpark in der Khumbu Region in Nepal. Umgeben von drei Achttausendern und unz\u00e4hligen imposanten Gipfeln. Jeder Tag ist aufregend und spannend im Herzen des Himalayas. Die Sherpahauptstadt &#8222;Namche Bazar&#8220; w\u00e4chst zwar schnell hat aber noch immer seinen Charme erhalten, im Gegensatz zur nepalesischen Hauptstadt Kathmandu. &nbsp;<\/p>\n","protected":false},"author":1,"featured_media":249,"parent":148,"menu_order":0,"comment_status":"closed","ping_status":"closed","template":"","meta":{"ngg_post_thumbnail":0,"jetpack_post_was_ever_published":false,"footnotes":""},"jetpack_sharing_enabled":true,"jetpack_shortlink":"https:\/\/wp.me\/Pa3HDL-25","_links":{"self":[{"href":"http:\/\/dulsky.at\/index.php?rest_route=\/wp\/v2\/pages\/129"}],"collection":[{"href":"http:\/\/dulsky.at\/index.php?rest_route=\/wp\/v2\/pages"}],"about":[{"href":"http:\/\/dulsky.at\/index.php?rest_route=\/wp\/v2\/types\/page"}],"author":[{"embeddable":true,"href":"http:\/\/dulsky.at\/index.php?rest_route=\/wp\/v2\/users\/1"}],"replies":[{"embeddable":true,"href":"http:\/\/dulsky.at\/index.php?rest_route=%2Fwp%2Fv2%2Fcomments&post=129"}],"version-history":[{"count":11,"href":"http:\/\/dulsky.at\/index.php?rest_route=\/wp\/v2\/pages\/129\/revisions"}],"predecessor-version":[{"id":1208,"href":"http:\/\/dulsky.at\/index.php?rest_route=\/wp\/v2\/pages\/129\/revisions\/1208"}],"up":[{"embeddable":true,"href":"http:\/\/dulsky.at\/index.php?rest_route=\/wp\/v2\/pages\/148"}],"wp:featuredmedia":[{"embeddable":true,"href":"http:\/\/dulsky.at\/index.php?rest_route=\/wp\/v2\/media\/249"}],"wp:attachment":[{"href":"http:\/\/dulsky.at\/index.php?rest_route=%2Fwp%2Fv2%2Fmedia&parent=129"}],"curies":[{"name":"wp","href":"https:\/\/api.w.org\/{rel}","templated":true}]}}